{"id":846,"date":"2023-05-10T09:50:18","date_gmt":"2023-05-10T09:50:18","guid":{"rendered":"https:\/\/allvanyozas.hu\/?page_id=846"},"modified":"2023-05-18T09:46:57","modified_gmt":"2023-05-18T09:46:57","slug":"ajanlat","status":"publish","type":"page","link":"https:\/\/allvanyozas.hu\/en\/ajanlat\/","title":{"rendered":"Elad\u00f3 \u00e1llv\u00e1ny"},"content":{"rendered":"<p>[et_pb_section fb_built=&#8221;1&#8243; _builder_version=&#8221;4.10.7&#8243; _module_preset=&#8221;default&#8221; background_color=&#8221;#efefef&#8221; global_colors_info=&#8221;{}&#8221;][et_pb_row _builder_version=&#8221;4.10.7&#8243; _module_preset=&#8221;default&#8221; global_colors_info=&#8221;{}&#8221;][et_pb_column type=&#8221;4_4&#8243; _builder_version=&#8221;4.10.7&#8243; _module_preset=&#8221;default&#8221; background_color=&#8221;RGBA(0,0,0,0)&#8221; global_colors_info=&#8221;{}&#8221;][et_pb_text _builder_version=&#8221;4.10.7&#8243; _module_preset=&#8221;default&#8221; global_colors_info=&#8221;{}&#8221;]<\/p>\n<h1>Haszn\u00e1lt homlokzati \u00e1llv\u00e1nyzat csomagaj\u00e1nlat &#8211; 8.900 Ft\/m2-t\u0151l<\/h1>\n<p>Haszn\u00e1lt, j\u00f3 \u00e1llapot\u00fa B70 t\u00edpus\u00fa \u00e1llv\u00e1nyzatot k\u00edn\u00e1lunk rendk\u00edv\u00fcl kedvez\u0151 \u00e1ron elad\u00e1sra. A jelenlegi magas b\u00e9rleti d\u00edjak mellett nagyon gyorsan megt\u00e9r\u00fcl\u0151 beruh\u00e1z\u00e1s. Kiv\u00e1l\u00f3an alkalmas kisebb \u00e9s k\u00f6zepes \u00e1llv\u00e1nyoz\u00e1si feladatok elv\u00e9gz\u00e9s\u00e9re. A csal\u00e1di h\u00e1zak \u00e9s kisebb t\u00e1rsash\u00e1zak fel\u00faj\u00edt\u00e1s\u00e1t, h\u0151szigetel\u00e9s\u00e9t v\u00e9gz\u0151 v\u00e1llalkoz\u00e1sok egyik alapvet\u0151 munkaeszk\u00f6ze.<\/p>\n<p>[\/et_pb_text][\/et_pb_column][\/et_pb_row][et_pb_row column_structure=&#8221;3_5,2_5&#8243; _builder_version=&#8221;4.10.7&#8243; _module_preset=&#8221;default&#8221; global_colors_info=&#8221;{}&#8221;][et_pb_column type=&#8221;3_5&#8243; _builder_version=&#8221;4.10.7&#8243; _module_preset=&#8221;default&#8221; global_colors_info=&#8221;{}&#8221;][et_pb_accordion icon_color=&#8221;#EDF000&#8243; _builder_version=&#8221;4.10.7&#8243; _module_preset=&#8221;default&#8221; global_colors_info=&#8221;{}&#8221;][et_pb_accordion_item title=&#8221;B70 homlokzati \u00e1llv\u00e1ny&#8221; open=&#8221;on&#8221; _builder_version=&#8221;4.10.7&#8243; _module_preset=&#8221;default&#8221; global_colors_info=&#8221;{}&#8221;]<\/p>\n<p>Aj\u00e1nlatunk keret\u00e9ben haszn\u00e1lt, j\u00f3 \u00e1llapot\u00fa B70 t\u00edpus\u00fa homlokzati \u00e1llv\u00e1nyt k\u00edn\u00e1lunk elad\u00e1sra.<\/p>\n<p>[\/et_pb_accordion_item][et_pb_accordion_item title=&#8221;Milyen \u00e1llv\u00e1ny a B70&#8243; _builder_version=&#8221;4.10.7&#8243; _module_preset=&#8221;default&#8221; link_option_url=&#8221;https:\/\/allvanyozas.hu\/wp-content\/uploads\/2023\/05\/delta-b70-hu-katalogus.pdf&#8221; global_colors_info=&#8221;{}&#8221; open=&#8221;off&#8221;]<\/p>\n<p>A B70 t\u00edpus\u00fa \u00e1llv\u00e1nyzatot Lengyelorsz\u00e1gban gy\u00e1rtj\u00e1k. 70 cm sz\u00e9les, 200 kg\/m2 teherb\u00edr\u00e1s\u00fa \u00e1llv\u00e1nyzat. A B70 \u00e1llv\u00e1nyzat kompatibilis a hasonl\u00f3 nev\u0171 n\u00e9met \u00e1llv\u00e1nyrendszerrel.<\/p>\n<p>[\/et_pb_accordion_item][et_pb_accordion_item title=&#8221;Milyen \u00e1llapot\u00fa az \u00e1llv\u00e1nyzat&#8221; _builder_version=&#8221;4.10.7&#8243; _module_preset=&#8221;default&#8221; global_colors_info=&#8221;{}&#8221; open=&#8221;off&#8221;]<\/p>\n<p>Az elad\u00e1sra k\u00edn\u00e1lt \u00e1llv\u00e1nyzat j\u00f3 \u00e1llapot\u00fa elemeket tartalmaz. A c\u00e9g\u00fcnk 30.000 m2-es H\u00fcnnebeck Bosta illet\u0151leg B70-es k\u00e9szlet\u00e9nek elemeib\u0151l tev\u0151dnek \u00f6ssze a csomagok. C\u00e9g\u00fcnk jelenleg is haszn\u00e1lja ezen rendszereket a legnagyobb elv\u00e1r\u00e1sokat t\u00e1maszt\u00f3 \u00fcgyfeleinek projektjein. Term\u00e9szetesen az \u00e1llv\u00e1nyzat megv\u00e1s\u00e1rl\u00e1s el\u0151tt szem\u00e9lyesen is megtekinthet\u0151 a c\u00e9g\u00fcnk 1214 Budapest II. R\u00e1k\u00f3czi Ferenc \u00fat 253-255 sz\u00e1m alatti sz\u00e9khely\u00e9n. Az elad\u00e1sra k\u00edn\u00e1lt csomagok \u00e1ra fa j\u00e1r\u00f3pall\u00f3kkal lett kikalkul\u00e1lva. Ig\u00e9ny eset\u00e9n tudunk f\u00e9m j\u00e1r\u00f3pall\u00f3val is kedvez\u0151 csomagot \u00f6ssze\u00e1ll\u00edtani \u00d6nnek, b\u00e1r szakemberk\u00e9nt \u00e9n a kisebb projektekre ink\u00e1bb a fa j\u00e1r\u00f3pall\u00f3kat aj\u00e1nlan\u00e1m.<\/p>\n<p>[\/et_pb_accordion_item][et_pb_accordion_item title=&#8221;Mennyibe ker\u00fcl?&#8221; _builder_version=&#8221;4.10.7&#8243; _module_preset=&#8221;default&#8221; global_colors_info=&#8221;{}&#8221; open=&#8221;off&#8221;]<\/p>\n<p>A 195 m2-es csomag \u00e1ra nett\u00f3 1.735.500 Ft + 27% \u00e1fa, azaz n\u00e9gyzetm\u00e9terenk\u00e9nt nett\u00f3 8.900 Ft!<\/p>\n<p>[\/et_pb_accordion_item][\/et_pb_accordion][et_pb_contact_form email=&#8221;kocsis@allvanyozas.hu&#8221; title=&#8221;L\u00c9PJEN VEL\u00dcNK KAPCSOLATBA&#8221; custom_message=&#8221;\u00c1llv\u00e1nycsomagra \u00e9rdekl\u0151 megkeres\u00e9s \u00e9rkezett.||et_pb_line_break_holder||||et_pb_line_break_holder||\u00c9rdekl\u0151d\u0151: %%Name%%||et_pb_line_break_holder||||et_pb_line_break_holder||Email: %%Email%%||et_pb_line_break_holder||||et_pb_line_break_holder||\u00dczenet:%%Message%%&#8221; success_message=&#8221;K\u00f6sz\u00f6nj\u00fck megkeres\u00e9s\u00e9t. \u00dczenet elk\u00fcldve. R\u00f6videsen keress\u00fck.&#8221; _builder_version=&#8221;4.10.7&#8243; _module_preset=&#8221;default&#8221; background_color=&#8221;#EDF000&#8243; custom_margin=&#8221;10px|10px|10px|10px|true|true&#8221; custom_padding=&#8221;10px|10px|10px|10px|true|true&#8221; global_colors_info=&#8221;{}&#8221;][et_pb_contact_field field_id=&#8221;Name&#8221; field_title=&#8221;N\u00e9v&#8221; _builder_version=&#8221;3.16&#8243; global_colors_info=&#8221;{}&#8221; button_text_size__hover_enabled=&#8221;off&#8221; button_one_text_size__hover_enabled=&#8221;off&#8221; button_two_text_size__hover_enabled=&#8221;off&#8221; button_text_color__hover_enabled=&#8221;off&#8221; button_one_text_color__hover_enabled=&#8221;off&#8221; button_two_text_color__hover_enabled=&#8221;off&#8221; button_border_width__hover_enabled=&#8221;off&#8221; button_one_border_width__hover_enabled=&#8221;off&#8221; button_two_border_width__hover_enabled=&#8221;off&#8221; button_border_color__hover_enabled=&#8221;off&#8221; button_one_border_color__hover_enabled=&#8221;off&#8221; button_two_border_color__hover_enabled=&#8221;off&#8221; button_border_radius__hover_enabled=&#8221;off&#8221; button_one_border_radius__hover_enabled=&#8221;off&#8221; button_two_border_radius__hover_enabled=&#8221;off&#8221; button_letter_spacing__hover_enabled=&#8221;off&#8221; button_one_letter_spacing__hover_enabled=&#8221;off&#8221; button_two_letter_spacing__hover_enabled=&#8221;off&#8221; button_bg_color__hover_enabled=&#8221;off&#8221; button_one_bg_color__hover_enabled=&#8221;off&#8221; button_two_bg_color__hover_enabled=&#8221;off&#8221;][\/et_pb_contact_field][et_pb_contact_field field_id=&#8221;Email&#8221; field_title=&#8221;Email c\u00edm&#8221; field_type=&#8221;email&#8221; _builder_version=&#8221;4.10.7&#8243; global_colors_info=&#8221;{}&#8221; button_text_size__hover_enabled=&#8221;off&#8221; button_one_text_size__hover_enabled=&#8221;off&#8221; button_two_text_size__hover_enabled=&#8221;off&#8221; button_text_color__hover_enabled=&#8221;off&#8221; button_one_text_color__hover_enabled=&#8221;off&#8221; button_two_text_color__hover_enabled=&#8221;off&#8221; button_border_width__hover_enabled=&#8221;off&#8221; button_one_border_width__hover_enabled=&#8221;off&#8221; button_two_border_width__hover_enabled=&#8221;off&#8221; button_border_color__hover_enabled=&#8221;off&#8221; button_one_border_color__hover_enabled=&#8221;off&#8221; button_two_border_color__hover_enabled=&#8221;off&#8221; button_border_radius__hover_enabled=&#8221;off&#8221; button_one_border_radius__hover_enabled=&#8221;off&#8221; button_two_border_radius__hover_enabled=&#8221;off&#8221; button_letter_spacing__hover_enabled=&#8221;off&#8221; button_one_letter_spacing__hover_enabled=&#8221;off&#8221; button_two_letter_spacing__hover_enabled=&#8221;off&#8221; button_bg_color__hover_enabled=&#8221;off&#8221; button_one_bg_color__hover_enabled=&#8221;off&#8221; button_two_bg_color__hover_enabled=&#8221;off&#8221;][\/et_pb_contact_field][et_pb_contact_field field_id=&#8221;Message&#8221; field_title=&#8221;\u00dczenet&#8221; field_type=&#8221;text&#8221; fullwidth_field=&#8221;on&#8221; _builder_version=&#8221;4.10.7&#8243; global_colors_info=&#8221;{}&#8221; button_text_size__hover_enabled=&#8221;off&#8221; button_one_text_size__hover_enabled=&#8221;off&#8221; button_two_text_size__hover_enabled=&#8221;off&#8221; button_text_color__hover_enabled=&#8221;off&#8221; button_one_text_color__hover_enabled=&#8221;off&#8221; button_two_text_color__hover_enabled=&#8221;off&#8221; button_border_width__hover_enabled=&#8221;off&#8221; button_one_border_width__hover_enabled=&#8221;off&#8221; button_two_border_width__hover_enabled=&#8221;off&#8221; button_border_color__hover_enabled=&#8221;off&#8221; button_one_border_color__hover_enabled=&#8221;off&#8221; button_two_border_color__hover_enabled=&#8221;off&#8221; button_border_radius__hover_enabled=&#8221;off&#8221; button_one_border_radius__hover_enabled=&#8221;off&#8221; button_two_border_radius__hover_enabled=&#8221;off&#8221; button_letter_spacing__hover_enabled=&#8221;off&#8221; button_one_letter_spacing__hover_enabled=&#8221;off&#8221; button_two_letter_spacing__hover_enabled=&#8221;off&#8221; button_bg_color__hover_enabled=&#8221;off&#8221; button_one_bg_color__hover_enabled=&#8221;off&#8221; button_two_bg_color__hover_enabled=&#8221;off&#8221;][\/et_pb_contact_field][\/et_pb_contact_form][et_pb_text _builder_version=&#8221;4.10.7&#8243; _module_preset=&#8221;default&#8221; hover_enabled=&#8221;0&#8243; sticky_enabled=&#8221;0&#8243;]<\/p>\n<h6><strong>Telefonos megkeres\u00e9s\u00e9t a 06 30 297 6806 sz\u00e1mon v\u00e1rjuk.<\/strong><\/h6>\n<p>[\/et_pb_text][\/et_pb_column][et_pb_column type=&#8221;2_5&#8243; _builder_version=&#8221;4.10.7&#8243; _module_preset=&#8221;default&#8221; global_colors_info=&#8221;{}&#8221;][et_pb_button button_url=&#8221;https:\/\/allvanyozas.hu\/wp-content\/uploads\/2023\/05\/delta-b70-hu-katalogus.pdf&#8221; url_new_window=&#8221;on&#8221; button_text=&#8221;B70 felhaszn\u00e1l\u00e1si \u00fatmutat\u00f3&#8221; _builder_version=&#8221;4.10.7&#8243; _module_preset=&#8221;a158e042-8436-4f0e-a1a7-a24d1d8cf86d&#8221; global_colors_info=&#8221;{}&#8221;][\/et_pb_button][et_pb_button button_url=&#8221;https:\/\/allvanyozas.hu\/wp-content\/uploads\/2023\/05\/bosta_70_hu_web.pdf&#8221; url_new_window=&#8221;on&#8221; button_text=&#8221;H\u00fcnnebeck Bosta70 \u00fatmutat\u00f3&#8221; _builder_version=&#8221;4.10.7&#8243; _module_preset=&#8221;a158e042-8436-4f0e-a1a7-a24d1d8cf86d&#8221; global_colors_info=&#8221;{}&#8221;][\/et_pb_button][et_pb_button button_url=&#8221;https:\/\/allvanyozas.hu\/wp-content\/uploads\/2023\/05\/B70-eladas.pdf&#8221; url_new_window=&#8221;on&#8221; button_text=&#8221;N\u00e9zz\u00fck a csomagot&#8221; _builder_version=&#8221;4.10.7&#8243; _module_preset=&#8221;a158e042-8436-4f0e-a1a7-a24d1d8cf86d&#8221; global_colors_info=&#8221;{}&#8221;][\/et_pb_button][\/et_pb_column][\/et_pb_row][\/et_pb_section]<\/p>","protected":false},"excerpt":{"rendered":"<p>Haszn\u00e1lt homlokzati \u00e1llv\u00e1nyzat csomagaj\u00e1nlat &#8211; 8.900 Ft\/m2-t\u0151l Haszn\u00e1lt, j\u00f3 \u00e1llapot\u00fa B70 t\u00edpus\u00fa \u00e1llv\u00e1nyzatot k\u00edn\u00e1lunk rendk\u00edv\u00fcl kedvez\u0151 \u00e1ron elad\u00e1sra. A jelenlegi magas b\u00e9rleti d\u00edjak mellett nagyon gyorsan megt\u00e9r\u00fcl\u0151 beruh\u00e1z\u00e1s. Kiv\u00e1l\u00f3an alkalmas kisebb \u00e9s k\u00f6zepes \u00e1llv\u00e1nyoz\u00e1si feladatok elv\u00e9gz\u00e9s\u00e9re. A csal\u00e1di h\u00e1zak \u00e9s kisebb t\u00e1rsash\u00e1zak fel\u00faj\u00edt\u00e1s\u00e1t, h\u0151szigetel\u00e9s\u00e9t v\u00e9gz\u0151 v\u00e1llalkoz\u00e1sok egyik alapvet\u0151 munkaeszk\u00f6ze.Aj\u00e1nlatunk keret\u00e9ben haszn\u00e1lt, j\u00f3 \u00e1llapot\u00fa B70 t\u00edpus\u00fa [&hellip;]<\/p>","protected":false},"author":1,"featured_media":889,"parent":0,"menu_order":0,"comment_status":"closed","ping_status":"closed","template":"","meta":{"_et_pb_use_builder":"on","_et_pb_old_content":"","_et_gb_content_width":"","footnotes":""},"class_list":["post-846","page","type-page","status-publish","has-post-thumbnail","hentry"],"_links":{"self":[{"href":"https:\/\/allvanyozas.hu\/en\/wp-json\/wp\/v2\/pages\/846","targetHints":{"allow":["GET"]}}],"collection":[{"href":"https:\/\/allvanyozas.hu\/en\/wp-json\/wp\/v2\/pages"}],"about":[{"href":"https:\/\/allvanyozas.hu\/en\/wp-json\/wp\/v2\/types\/page"}],"author":[{"embeddable":true,"href":"https:\/\/allvanyozas.hu\/en\/wp-json\/wp\/v2\/users\/1"}],"replies":[{"embeddable":true,"href":"https:\/\/allvanyozas.hu\/en\/wp-json\/wp\/v2\/comments?post=846"}],"version-history":[{"count":26,"href":"https:\/\/allvanyozas.hu\/en\/wp-json\/wp\/v2\/pages\/846\/revisions"}],"predecessor-version":[{"id":890,"href":"https:\/\/allvanyozas.hu\/en\/wp-json\/wp\/v2\/pages\/846\/revisions\/890"}],"wp:featuredmedia":[{"embeddable":true,"href":"https:\/\/allvanyozas.hu\/en\/wp-json\/wp\/v2\/media\/889"}],"wp:attachment":[{"href":"https:\/\/allvanyozas.hu\/en\/wp-json\/wp\/v2\/media?parent=846"}],"curies":[{"name":"wp","href":"https:\/\/api.w.org\/{rel}","templated":true}]}}