{"id":305,"date":"2021-03-21T20:53:41","date_gmt":"2021-03-21T20:53:41","guid":{"rendered":"https:\/\/induserv.hu\/indall\/?page_id=305"},"modified":"2021-09-07T14:20:54","modified_gmt":"2021-09-07T14:20:54","slug":"berbeadas","status":"publish","type":"page","link":"https:\/\/allvanyozas.hu\/en\/berbeadas\/","title":{"rendered":"Rental"},"content":{"rendered":"<p>[et_pb_section fb_built=&#8221;1&#8243; admin_label=&#8221;FAQ&#8221; _builder_version=&#8221;3.22&#8243; background_color=&#8221;#f7f7f7&#8243; global_colors_info=&#8221;{}&#8221;][et_pb_row column_structure=&#8221;1_3,2_3&#8243; _builder_version=&#8221;3.25&#8243; global_colors_info=&#8221;{}&#8221;][et_pb_column type=&#8221;1_3&#8243; _builder_version=&#8221;3.25&#8243; custom_padding=&#8221;|||&#8221; global_colors_info=&#8221;{}&#8221; custom_padding__hover=&#8221;|||&#8221;][et_pb_text _builder_version=&#8221;4.10.6&#8243; text_font=&#8221;||||||||&#8221; header_font=&#8221;||||||||&#8221; header_2_font=&#8221;Rubik|700|||||||&#8221; header_2_font_size=&#8221;42px&#8221; header_2_line_height=&#8221;1.2em&#8221; custom_margin=&#8221;|||&#8221; custom_padding=&#8221;|||&#8221; hover_enabled=&#8221;0&#8243; header_2_font_size_tablet=&#8221;&#8221; header_2_font_size_phone=&#8221;36px&#8221; header_2_font_size_last_edited=&#8221;on|phone&#8221; locked=&#8221;off&#8221; global_colors_info=&#8221;{}&#8221; sticky_enabled=&#8221;0&#8243;]<\/p>\n<h2>Scaffold rental<\/h2>\n<p>[\/et_pb_text][et_pb_divider color=&#8221;#ffb400&#8243; divider_position=&#8221;center&#8221; divider_weight=&#8221;5px&#8221; _builder_version=&#8221;3.9&#8243; max_width=&#8221;50px&#8221; locked=&#8221;off&#8221; global_colors_info=&#8221;{}&#8221;][\/et_pb_divider][et_pb_text _builder_version=&#8221;4.10.6&#8243; text_font=&#8221;||||||||&#8221; text_font_size=&#8221;15px&#8221; text_line_height=&#8221;1.8em&#8221; hover_enabled=&#8221;0&#8243; locked=&#8221;off&#8221; global_colors_info=&#8221;{}&#8221; sticky_enabled=&#8221;0&#8243;]<\/p>\n<p><span>We rent scaffolds without additional services (erection, dismantling, transportation) as well. Why should you pay for something you do not need?<\/span><\/p>\n<p><span>For small scale projects a pure rent can be the optimal solution if the Client can build the scaffold himself.<\/span><\/p>\n<p>[\/et_pb_text][\/et_pb_column][et_pb_column type=&#8221;2_3&#8243; _builder_version=&#8221;3.25&#8243; custom_padding=&#8221;|||&#8221; global_colors_info=&#8221;{}&#8221; custom_padding__hover=&#8221;|||&#8221;][et_pb_accordion closed_toggle_text_color=&#8221;#2a2a2a&#8221; closed_toggle_background_color=&#8221;#ffffff&#8221; icon_color=&#8221;#ffb400&#8243; _builder_version=&#8221;4.9.2&#8243; toggle_font=&#8221;Rubik|700|||||||&#8221; toggle_font_size=&#8221;18px&#8221; toggle_line_height=&#8221;1.4em&#8221; body_font=&#8221;||||||||&#8221; body_font_size=&#8221;15px&#8221; body_line_height=&#8221;1.8em&#8221; custom_margin=&#8221;|||&#8221; custom_padding=&#8221;|||&#8221; border_width_all=&#8221;0px&#8221; global_colors_info=&#8221;{}&#8221;][et_pb_accordion_item title=&#8221;Milyen \u00e1llv\u00e1nyzatot b\u00e9relhet t\u0151l\u00fcnk?&#8221; open=&#8221;on&#8221; _builder_version=&#8221;4.9.2&#8243; custom_margin=&#8221;1px||1px||true&#8221; global_colors_info=&#8221;{}&#8221;]<\/p>\n<p>We offer H\u00fcnnebeck Bosta and Layher Blitz scaffolds. Both offered scaffold type belong to the most trusted and safe scaffold systems. When you compare rental offers we suggest that besides price you shall compare the offered scaffold type as well. The too wide or too heavy systems are very labor intensive.<\/p>\n<p>[\/et_pb_accordion_item][et_pb_accordion_item title=&#8221;Milyen felt\u00e9telekkel b\u00e9relhet t\u0151l\u00fcnk?&#8221; _builder_version=&#8221;4.9.2&#8243; custom_margin=&#8221;1px||1px||true&#8221; global_colors_info=&#8221;{}&#8221; open=&#8221;off&#8221;]<\/p>\n<p>Private persons shall personally sign the contract in our office. They shall show their ID card to prove their identity.\nCompanies can contract us per email. A deposit of 2000 HUF\/sqm is needed as a bank transfer. Deposit is returned upon handling back the rented scaffold.<\/p>\n<p>[\/et_pb_accordion_item][et_pb_accordion_item title=&#8221;Mikor \u00e9rdemes b\u00e9relni?&#8221; _builder_version=&#8221;4.9.2&#8243; custom_margin=&#8221;1px||1px||true&#8221; global_colors_info=&#8221;{}&#8221; open=&#8221;off&#8221;]<\/p>\n<p>For smaller projects like family houses. If the on site workforce can handle the scaffolding tasks and the surface is relatively small (less than 300 sqm), or the scaffold is rebuilt several times.<\/p>\n<p>[\/et_pb_accordion_item][et_pb_accordion_item title=&#8221;Mennyibe ker\u00fcl az \u00e1llv\u00e1nyb\u00e9rl\u00e9s?&#8221; _builder_version=&#8221;4.9.2&#8243; custom_margin=&#8221;1px||1px||true&#8221; global_colors_info=&#8221;{}&#8221; open=&#8221;off&#8221;]<\/p>\n<p>In case the facade is not too complicated, than the following rates are applicable:<\/p>\n<ul>\n<li>Less than 100 sqm scaffold: 3.500 HUF\/day + VAT<\/li>\n<li>100 sqm - 300 sqm: 6.000 HUF\/day + VAT<\/li>\n<li>Over 300 sqm: 20 HUF\/sqm\/day + VAT<\/li>\n<\/ul>\n<p>Minimum rental period: 30 days.<\/p>\n<p>[\/et_pb_accordion_item][et_pb_accordion_item title=&#8221;Hogyan t\u00f6rt\u00e9nik az \u00e1llv\u00e1ny el \u00e9s visszasz\u00e1ll\u00edt\u00e1sa?&#8221; _builder_version=&#8221;4.9.2&#8243; custom_margin=&#8221;1px||1px||true&#8221; global_colors_info=&#8221;{}&#8221; open=&#8221;off&#8221;]<\/p>\n<p>Transportation is the responsibility of the client. The scaffolds are to be transported from (and at the end transported back to) the stockyard of our company (1214 Budapest II. R\u00e1k\u00f3czi Ferenc road 253-255).<\/p>\n<p>For a fee of 50.000 HUF\/transport + VAT we can provide the transportation for you. The loading at your site is to be provided by you.<\/p>\n<p>[\/et_pb_accordion_item][\/et_pb_accordion][\/et_pb_column][\/et_pb_row][\/et_pb_section]<\/p>","protected":false},"excerpt":{"rendered":"<p>\u00c1llv\u00e1ny b\u00e9rbead\u00e1sAmennyiben nincs sz\u00fcks\u00e9ge arra, hogy az \u00e1llv\u00e1nyzatot mi sz\u00e1ll\u00edtsuk ki \u00e9s \u00e9p\u00edts\u00fck meg, akkor term\u00e9szetesen lehet\u0151s\u00e9ge van arra, hogy azt ezen szolg\u00e1ltat\u00e1sokt\u00f3l mentesen b\u00e9relje ki t\u0151l\u00fcnk. Az \u00e1llv\u00e1nyzat b\u00e9rl\u00e9s\u00e9vel kisebb csal\u00e1di h\u00e1zak \u00e1llv\u00e1nyoz\u00e1sa is gazdas\u00e1gosan megoldhat\u00f3, amennyiben a B\u00e9rl\u0151 az \u00e1llv\u00e1nyzat \u00e9p\u00edt\u00e9s\u00e9t \u00f6n\u00e1ll\u00f3an meg tudja oldani.H\u00fcnnebeck Bosta \u00e9s Layher Blitz \u00e1llv\u00e1nyzatokat adunk b\u00e9rbe. Mindk\u00e9t [&hellip;]<\/p>","protected":false},"author":1,"featured_media":0,"parent":0,"menu_order":0,"comment_status":"closed","ping_status":"closed","template":"","meta":{"_et_pb_use_builder":"on","_et_pb_old_content":"","_et_gb_content_width":"","footnotes":""},"class_list":["post-305","page","type-page","status-publish","hentry"],"_links":{"self":[{"href":"https:\/\/allvanyozas.hu\/en\/wp-json\/wp\/v2\/pages\/305","targetHints":{"allow":["GET"]}}],"collection":[{"href":"https:\/\/allvanyozas.hu\/en\/wp-json\/wp\/v2\/pages"}],"about":[{"href":"https:\/\/allvanyozas.hu\/en\/wp-json\/wp\/v2\/types\/page"}],"author":[{"embeddable":true,"href":"https:\/\/allvanyozas.hu\/en\/wp-json\/wp\/v2\/users\/1"}],"replies":[{"embeddable":true,"href":"https:\/\/allvanyozas.hu\/en\/wp-json\/wp\/v2\/comments?post=305"}],"version-history":[{"count":5,"href":"https:\/\/allvanyozas.hu\/en\/wp-json\/wp\/v2\/pages\/305\/revisions"}],"predecessor-version":[{"id":762,"href":"https:\/\/allvanyozas.hu\/en\/wp-json\/wp\/v2\/pages\/305\/revisions\/762"}],"wp:attachment":[{"href":"https:\/\/allvanyozas.hu\/en\/wp-json\/wp\/v2\/media?parent=305"}],"curies":[{"name":"wp","href":"https:\/\/api.w.org\/{rel}","templated":true}]}}