{"id":293,"date":"2021-03-21T20:51:06","date_gmt":"2021-03-21T20:51:06","guid":{"rendered":"https:\/\/induserv.hu\/indall\/?page_id=293"},"modified":"2021-09-07T14:16:56","modified_gmt":"2021-09-07T14:16:56","slug":"ertekesites","status":"publish","type":"page","link":"https:\/\/allvanyozas.hu\/en\/ertekesites\/","title":{"rendered":"Sale"},"content":{"rendered":"<p>[et_pb_section fb_built=&#8221;1&#8243; admin_label=&#8221;FAQ&#8221; _builder_version=&#8221;3.22&#8243; background_color=&#8221;#f7f7f7&#8243; global_colors_info=&#8221;{}&#8221;][et_pb_row column_structure=&#8221;1_3,2_3&#8243; _builder_version=&#8221;3.25&#8243; global_colors_info=&#8221;{}&#8221;][et_pb_column type=&#8221;1_3&#8243; _builder_version=&#8221;3.25&#8243; custom_padding=&#8221;|||&#8221; global_colors_info=&#8221;{}&#8221; custom_padding__hover=&#8221;|||&#8221;][et_pb_text _builder_version=&#8221;3.27.4&#8243; text_font=&#8221;||||||||&#8221; header_font=&#8221;||||||||&#8221; header_2_font=&#8221;Rubik|700|||||||&#8221; header_2_font_size=&#8221;42px&#8221; header_2_line_height=&#8221;1.2em&#8221; custom_margin=&#8221;|||&#8221; custom_padding=&#8221;|||&#8221; header_2_font_size_tablet=&#8221;&#8221; header_2_font_size_phone=&#8221;36px&#8221; header_2_font_size_last_edited=&#8221;on|phone&#8221; locked=&#8221;off&#8221; global_colors_info=&#8221;{}&#8221;]<\/p>\n<h2>Sale<\/h2>\n<p>[\/et_pb_text][et_pb_divider color=&#8221;#ffb400&#8243; divider_position=&#8221;center&#8221; divider_weight=&#8221;5px&#8221; _builder_version=&#8221;3.9&#8243; max_width=&#8221;50px&#8221; locked=&#8221;off&#8221; global_colors_info=&#8221;{}&#8221;][\/et_pb_divider][et_pb_text _builder_version=&#8221;4.10.6&#8243; text_font=&#8221;||||||||&#8221; text_font_size=&#8221;15px&#8221; text_line_height=&#8221;1.8em&#8221; hover_enabled=&#8221;0&#8243; locked=&#8221;off&#8221; global_colors_info=&#8221;{}&#8221; custom_padding=&#8221;||0px|||&#8221; sticky_enabled=&#8221;0&#8243;]<\/p>\n<p>If you want a complete scaffold system or only want some elements we are happy to help you.<\/p>\n<p>H\u00fcnnebeck Bosta and compatible scaffolds are always on sale by us.<\/p>\n<p>[\/et_pb_text][\/et_pb_column][et_pb_column type=&#8221;2_3&#8243; _builder_version=&#8221;3.25&#8243; custom_padding=&#8221;|||&#8221; global_colors_info=&#8221;{}&#8221; custom_padding__hover=&#8221;|||&#8221;][et_pb_accordion closed_toggle_text_color=&#8221;#2a2a2a&#8221; closed_toggle_background_color=&#8221;#ffffff&#8221; icon_color=&#8221;#ffb400&#8243; _builder_version=&#8221;4.9.2&#8243; toggle_font=&#8221;Rubik|700|||||||&#8221; toggle_font_size=&#8221;18px&#8221; toggle_line_height=&#8221;1.4em&#8221; body_font=&#8221;||||||||&#8221; body_font_size=&#8221;15px&#8221; body_line_height=&#8221;1.8em&#8221; custom_margin=&#8221;|||&#8221; custom_padding=&#8221;|||&#8221; border_width_all=&#8221;0px&#8221; global_colors_info=&#8221;{}&#8221;][et_pb_accordion_item title=&#8221;Milyen \u00e1llv\u00e1nyzatot forgalmazunk?&#8221; open=&#8221;off&#8221; _builder_version=&#8221;4.9.2&#8243; custom_margin=&#8221;1px||1px||true&#8221; global_colors_info=&#8221;{}&#8221;]<\/p>\n<p>We offer new and used H\u00fcnnebeck Bosta and compatible scaffolds. We offer used Graf and Layher Blitz scaffolds as well.<\/p>\n<p>[\/et_pb_accordion_item][et_pb_accordion_item title=&#8221;\u00daj vagy haszn\u00e1lt \u00e1llv\u00e1nyzatot \u00e9rdemes v\u00e1s\u00e1rolni?&#8221; _builder_version=&#8221;4.9.2&#8243; custom_margin=&#8221;1px||1px||true&#8221; global_colors_info=&#8221;{}&#8221; open=&#8221;off&#8221;]<\/p>\n<p>If you want to buy using public funds, than only used scaffolds are accepted. Otherwise the used scaffold is the more economical option.<\/p>\n<p>[\/et_pb_accordion_item][et_pb_accordion_item title=&#8221;Mennyibe ker\u00fcl az \u00e1llv\u00e1nyzat?&#8221; _builder_version=&#8221;4.9.2&#8243; custom_margin=&#8221;1px||1px||true&#8221; global_colors_info=&#8221;{}&#8221; open=&#8221;on&#8221;]<\/p>\n<p>Az \u00e1llv\u00e1nyzat \u00e1ra az \u00f6ssze\u00e1ll\u00edt\u00e1st\u00f3l f\u00fcgg. Min\u00e9l t\u00f6bb kieg\u00e9sz\u00edt\u0151 alkatr\u00e9szt \u00e9s 3m-n\u00e9l r\u00f6videbb tagot tartalmaz ann\u00e1l t\u00f6bbe ker\u00fcl (\u00e9s ann\u00e1l haszn\u00e1lhat\u00f3bb).<\/p>\n<p>H\u00fcnnebeck Bosta kompatibilis \u00e1llv\u00e1nyzat eset\u00e9n az \u00faj term\u00e9kek 11.000 Ft\/m2+\u00e1fa \u00e1rt\u00f3l, m\u00edg a haszn\u00e1ltak 8.500 Ft\/m2 + \u00e1fa \u00e1rt\u00f3l el\u00e9rhet\u0151ek.<\/p>\n<p>[\/et_pb_accordion_item][et_pb_accordion_item title=&#8221;Megtekinthet\u0151ek v\u00e1s\u00e1rl\u00e1s el\u0151tt a haszn\u00e1lt \u00e1llv\u00e1nyok?&#8221; _builder_version=&#8221;4.9.2&#8243; custom_margin=&#8221;1px||1px||true&#8221; global_colors_info=&#8221;{}&#8221; open=&#8221;off&#8221;]<\/p>\n<p>Of course. At our stockyard you have the option to inspect the scaffold.<\/p>\n<p>[\/et_pb_accordion_item][et_pb_accordion_item title=&#8221;Fizet\u00e9si felt\u00e9telek&#8221; _builder_version=&#8221;4.9.2&#8243; custom_margin=&#8221;1px||1px||true&#8221; global_colors_info=&#8221;{}&#8221; open=&#8221;off&#8221;]<\/p>\n<p>You have to pay prior to delivery. If you buy new  scaffold, than you have to pay 50% upon order as a deposit. The final 50% is to be paid prior to transport.<\/p>\n<p>[\/et_pb_accordion_item][\/et_pb_accordion][\/et_pb_column][\/et_pb_row][\/et_pb_section]<\/p>","protected":false},"excerpt":{"rendered":"<p>\u00c1llv\u00e1ny \u00e9rt\u00e9kes\u00edt\u00e9sAmennyiben saj\u00e1t \u00e1llv\u00e1nyparkot szeretne ki\u00e9p\u00edteni vagy megl\u00e9v\u0151 \u00e1llv\u00e1nyzat\u00e1t szeretn\u00e9 kieg\u00e9sz\u00edteni, akkor k\u00e9szs\u00e9ggel adunk \u00d6nnek \u00e1raj\u00e1nlatot. Folyamatos akci\u00f3 keret\u00e9ben k\u00edn\u00e1lunk haszn\u00e1lt H\u00fcnnebeck Bosta, illet\u0151leg kompatibilis \u00e1llv\u00e1nyzatotC\u00e9g\u00fcnk \u00faj \u00e9s haszn\u00e1lt H\u00fcnnebeck Bosta \u00e9s kompatibilis \u00e1llv\u00e1nyzatot forgalmaz. V\u00e1s\u00e1rolhat t\u0151l\u00fcnk tov\u00e1bb\u00e1 haszn\u00e1lt Graf \u00e9s Layher Blitz \u00e1llv\u00e1nyzatokat is.Amennyiben p\u00e1ly\u00e1zat keret\u00e9ben k\u00edv\u00e1n \u00e1llv\u00e1nyt venni, akkor csak az \u00faj term\u00e9k [&hellip;]<\/p>","protected":false},"author":1,"featured_media":0,"parent":0,"menu_order":0,"comment_status":"closed","ping_status":"closed","template":"","meta":{"_et_pb_use_builder":"on","_et_pb_old_content":"","_et_gb_content_width":"","footnotes":""},"class_list":["post-293","page","type-page","status-publish","hentry"],"_links":{"self":[{"href":"https:\/\/allvanyozas.hu\/en\/wp-json\/wp\/v2\/pages\/293","targetHints":{"allow":["GET"]}}],"collection":[{"href":"https:\/\/allvanyozas.hu\/en\/wp-json\/wp\/v2\/pages"}],"about":[{"href":"https:\/\/allvanyozas.hu\/en\/wp-json\/wp\/v2\/types\/page"}],"author":[{"embeddable":true,"href":"https:\/\/allvanyozas.hu\/en\/wp-json\/wp\/v2\/users\/1"}],"replies":[{"embeddable":true,"href":"https:\/\/allvanyozas.hu\/en\/wp-json\/wp\/v2\/comments?post=293"}],"version-history":[{"count":11,"href":"https:\/\/allvanyozas.hu\/en\/wp-json\/wp\/v2\/pages\/293\/revisions"}],"predecessor-version":[{"id":760,"href":"https:\/\/allvanyozas.hu\/en\/wp-json\/wp\/v2\/pages\/293\/revisions\/760"}],"wp:attachment":[{"href":"https:\/\/allvanyozas.hu\/en\/wp-json\/wp\/v2\/media?parent=293"}],"curies":[{"name":"wp","href":"https:\/\/api.w.org\/{rel}","templated":true}]}}